{"id":11401,"date":"2022-06-27T09:32:38","date_gmt":"2022-06-27T09:32:38","guid":{"rendered":"https:\/\/www.grandkoper.com\/wetter\/"},"modified":"2022-06-27T09:38:21","modified_gmt":"2022-06-27T09:38:21","slug":"wetter","status":"publish","type":"page","link":"https:\/\/www.grandkoper.com\/de\/wetter\/","title":{"rendered":"Wetter Aktuell Koper"},"content":{"rendered":"\t\t<div data-elementor-type=\"wp-page\" data-elementor-id=\"11401\" class=\"elementor elementor-11401 elementor-11333\" data-elementor-post-type=\"page\">\n\t\t\t\t\t\t<section class=\"elementor-section elementor-top-section elementor-element elementor-element-8a28060 elementor-reverse-mobile dc-has-condition dc-condition-contains elementor-section-boxed elementor-section-height-default elementor-section-height-default\" data-id=\"8a28060\" data-element_type=\"section\" data-e-type=\"section\" data-settings=\"{&quot;background_background&quot;:&quot;classic&quot;,&quot;background_motion_fx_motion_fx_scrolling&quot;:&quot;yes&quot;,&quot;background_motion_fx_range&quot;:&quot;page&quot;,&quot;background_motion_fx_translateY_effect&quot;:&quot;yes&quot;,&quot;background_motion_fx_translateY_speed&quot;:{&quot;unit&quot;:&quot;px&quot;,&quot;size&quot;:3,&quot;sizes&quot;:[]},&quot;background_motion_fx_translateY_direction&quot;:&quot;negative&quot;,&quot;shape_divider_bottom&quot;:&quot;curve-gk&quot;,&quot;shape_divider_bottom_negative&quot;:&quot;yes&quot;,&quot;_ob_glider_is_slider&quot;:&quot;no&quot;,&quot;background_motion_fx_translateY_affectedRange&quot;:{&quot;unit&quot;:&quot;%&quot;,&quot;size&quot;:&quot;&quot;,&quot;sizes&quot;:{&quot;start&quot;:0,&quot;end&quot;:100}},&quot;background_motion_fx_devices&quot;:[&quot;desktop&quot;,&quot;tablet&quot;,&quot;mobile&quot;]}\">\n\t\t\t\t\t\t\t<div class=\"elementor-background-overlay\"><\/div>\n\t\t\t\t\t\t<div class=\"elementor-shape elementor-shape-bottom\" aria-hidden=\"true\" data-negative=\"true\">\n\t\t\t<svg xmlns=\"http:\/\/www.w3.org\/2000\/svg\"  height=\"100%\" viewBox=\"0 0 1000 100\">\n  <path class=\"elementor-shape-fill\" d=\"M0,92.53V100H1000V0S594.94,128,0,92.53Z\"\/>\n<\/svg>\n\t\t<\/div>\n\t\t\t\t\t<div class=\"elementor-container elementor-column-gap-default\">\n\t\t\t\t\t<div class=\"elementor-column elementor-col-100 elementor-top-column elementor-element elementor-element-1d4b8ea\" data-id=\"1d4b8ea\" data-element_type=\"column\" data-e-type=\"column\" data-settings=\"{&quot;background_background&quot;:&quot;classic&quot;,&quot;_ob_column_hoveranimator&quot;:&quot;no&quot;,&quot;_ob_column_has_pseudo&quot;:&quot;no&quot;}\">\n\t\t\t<div class=\"elementor-widget-wrap elementor-element-populated\">\n\t\t\t\t\t<div class=\"elementor-background-overlay\"><\/div>\n\t\t\t\t\t\t<div class=\"elementor-element elementor-element-bf04045 ob-harakiri-inherit elementor-invisible ob-has-background-overlay elementor-widget elementor-widget-text-editor\" data-id=\"bf04045\" data-element_type=\"widget\" data-e-type=\"widget\" data-settings=\"{&quot;_animation&quot;:&quot;fadeInDown&quot;,&quot;_ob_use_harakiri&quot;:&quot;yes&quot;,&quot;_ob_harakiri_writing_mode&quot;:&quot;inherit&quot;,&quot;_ob_postman_use&quot;:&quot;no&quot;,&quot;_ob_widget_stalker_use&quot;:&quot;no&quot;,&quot;_ob_poopart_use&quot;:&quot;yes&quot;,&quot;_ob_allow_hoveranimator&quot;:&quot;no&quot;}\" data-widget_type=\"text-editor.default\">\n\t\t\t\t\t\t\t\t\tWetter Aktuell Koper\t\t\t\t\t\t\t\t<\/div>\n\t\t\t\t<div class=\"elementor-element elementor-element-9e4fe5c ob-harakiri-inherit ob-has-background-overlay elementor-widget elementor-widget-text-editor\" data-id=\"9e4fe5c\" data-element_type=\"widget\" data-e-type=\"widget\" data-settings=\"{&quot;_ob_use_harakiri&quot;:&quot;yes&quot;,&quot;_ob_harakiri_writing_mode&quot;:&quot;inherit&quot;,&quot;_ob_postman_use&quot;:&quot;no&quot;,&quot;_ob_widget_stalker_use&quot;:&quot;no&quot;,&quot;_ob_poopart_use&quot;:&quot;yes&quot;,&quot;_ob_allow_hoveranimator&quot;:&quot;no&quot;}\" data-widget_type=\"text-editor.default\">\n\t\t\t\t\t\t\t\t\t<p><i style=\"font-family: 'EB Garamond';\">Informieren Sie sich \u00fcber das aktuelle Wetter in Koper und sp\u00fcren Sie die Meeresatmosph\u00e4re.<\/i><\/p>\t\t\t\t\t\t\t\t<\/div>\n\t\t\t\t<div class=\"elementor-element elementor-element-0120a90 ob-has-background-overlay elementor-widget elementor-widget-html\" data-id=\"0120a90\" data-element_type=\"widget\" data-e-type=\"widget\" data-settings=\"{&quot;_ob_widget_stalker_use&quot;:&quot;no&quot;,&quot;_ob_poopart_use&quot;:&quot;yes&quot;,&quot;_ob_allow_hoveranimator&quot;:&quot;no&quot;}\" data-widget_type=\"html.default\">\n\t\t\t\t\t<div id=\"ww_1b0dcb3de3916\" v='1.20' loc='id' a='{\"t\":\"responsive\",\"lang\":\"de\",\"ids\":[\"wl61\"],\"cl_bkg\":\"#000000\",\"cl_font\":\"#FFFFFF\",\"cl_cloud\":\"#FFFFFF\",\"cl_persp\":\"#81D4FA\",\"cl_sun\":\"#FFC107\",\"cl_moon\":\"#FFC107\",\"cl_thund\":\"#FF5722\",\"sl_tof\":\"7\",\"sl_sot\":\"celsius\",\"sl_ics\":\"one_a\",\"font\":\"Arial\",\"cl_odd\":\"#FFFFFF17\"}'>Weather Data Source: <a href=\"https:\/\/wetterlabs.de\/wetter_koper\/morgen\/\" id=\"ww_1b0dcb3de3916_u\" target=\"_blank\">Wetter Morgen Koper<\/a><\/div><script async src=\"https:\/\/srv2.weatherwidget.org\/js\/?id=ww_1b0dcb3de3916\"><\/script>\t\t\t\t<\/div>\n\t\t\t\t<div class=\"elementor-element elementor-element-67067fc ob-has-background-overlay elementor-widget elementor-widget-html\" data-id=\"67067fc\" data-element_type=\"widget\" data-e-type=\"widget\" data-settings=\"{&quot;_ob_widget_stalker_use&quot;:&quot;no&quot;,&quot;_ob_poopart_use&quot;:&quot;yes&quot;,&quot;_ob_allow_hoveranimator&quot;:&quot;no&quot;}\" data-widget_type=\"html.default\">\n\t\t\t\t\t<style>.embed-container { position: relative; padding-bottom: 56.25%; height: 0; overflow: hidden; max-width: 100%; margin-bottom: 50px;} .embed-container iframe, .embed-container object, .embed-container embed { position: absolute; top: 0; left: 0; width: 100%; height: 100%; }<\/style> \r\n\r\n<div class=\"embed-container\"><iframe style=\"border: 0;\" src=\"https:\/\/www.whatsupcams.com\/wgt\/si_koper04\" frameborder=\"0\" marginwidth=\"0\" marginheight=\"0\" scrolling=\"no\" allowfullscreen=\"allowfullscreen\"><\/iframe>\r\n<\/div>\t\t\t\t<\/div>\n\t\t\t\t\t<\/div>\n\t\t<\/div>\n\t\t\t\t\t<\/div>\n\t\t<\/section>\n\t\t\t\t<\/div>\n\t\t","protected":false},"excerpt":{"rendered":"<p>Wetter Aktuell Koper Informieren Sie sich \u00fcber das aktuelle Wetter in Koper und sp\u00fcren Sie die Meeresatmosph\u00e4re. Weather Data Source: Wetter Morgen Koper<\/p>\n","protected":false},"author":1,"featured_media":0,"parent":0,"menu_order":0,"comment_status":"closed","ping_status":"closed","template":"","meta":{"_acf_changed":false,"footnotes":""},"class_list":["post-11401","page","type-page","status-publish","hentry"],"acf":[],"yoast_head":"<!-- This site is optimized with the Yoast SEO plugin v26.9 - https:\/\/yoast.com\/product\/yoast-seo-wordpress\/ -->\n<title>Wetter Aktuell Koper - Grand Koper<\/title>\n<meta name=\"description\" content=\"Informieren Sie sich \u00fcber das aktuelle Wetter in Koper und sp\u00fcren Sie die Meeresatmosph\u00e4re.\" \/>\n<meta name=\"robots\" content=\"index, follow, max-snippet:-1, max-image-preview:large, max-video-preview:-1\" \/>\n<link rel=\"canonical\" href=\"https:\/\/www.grandkoper.com\/de\/wetter\/\" \/>\n<meta property=\"og:locale\" content=\"de_DE\" \/>\n<meta property=\"og:type\" content=\"article\" \/>\n<meta property=\"og:title\" content=\"Wetter Aktuell Koper - Grand Koper\" \/>\n<meta property=\"og:description\" content=\"Informieren Sie sich \u00fcber das aktuelle Wetter in Koper und sp\u00fcren Sie die Meeresatmosph\u00e4re.\" \/>\n<meta property=\"og:url\" content=\"https:\/\/www.grandkoper.com\/de\/wetter\/\" \/>\n<meta property=\"og:site_name\" content=\"Grand Koper\" \/>\n<meta property=\"article:modified_time\" content=\"2022-06-27T09:38:21+00:00\" \/>\n<meta name=\"twitter:card\" content=\"summary_large_image\" \/>\n<script type=\"application\/ld+json\" class=\"yoast-schema-graph\">{\"@context\":\"https:\/\/schema.org\",\"@graph\":[{\"@type\":\"WebPage\",\"@id\":\"https:\/\/www.grandkoper.com\/de\/wetter\/\",\"url\":\"https:\/\/www.grandkoper.com\/de\/wetter\/\",\"name\":\"Wetter Aktuell Koper - Grand Koper\",\"isPartOf\":{\"@id\":\"https:\/\/www.grandkoper.com\/de\/#website\"},\"datePublished\":\"2022-06-27T09:32:38+00:00\",\"dateModified\":\"2022-06-27T09:38:21+00:00\",\"description\":\"Informieren Sie sich \u00fcber das aktuelle Wetter in Koper und sp\u00fcren Sie die Meeresatmosph\u00e4re.\",\"breadcrumb\":{\"@id\":\"https:\/\/www.grandkoper.com\/de\/wetter\/#breadcrumb\"},\"inLanguage\":\"de\",\"potentialAction\":[{\"@type\":\"ReadAction\",\"target\":[\"https:\/\/www.grandkoper.com\/de\/wetter\/\"]}]},{\"@type\":\"BreadcrumbList\",\"@id\":\"https:\/\/www.grandkoper.com\/de\/wetter\/#breadcrumb\",\"itemListElement\":[{\"@type\":\"ListItem\",\"position\":1,\"name\":\"Home\",\"item\":\"https:\/\/www.grandkoper.com\/de\/\"},{\"@type\":\"ListItem\",\"position\":2,\"name\":\"Wetter Aktuell Koper\"}]},{\"@type\":\"WebSite\",\"@id\":\"https:\/\/www.grandkoper.com\/de\/#website\",\"url\":\"https:\/\/www.grandkoper.com\/de\/\",\"name\":\"Grand Koper\",\"description\":\"\",\"publisher\":{\"@id\":\"https:\/\/www.grandkoper.com\/de\/#organization\"},\"potentialAction\":[{\"@type\":\"SearchAction\",\"target\":{\"@type\":\"EntryPoint\",\"urlTemplate\":\"https:\/\/www.grandkoper.com\/de\/?s={search_term_string}\"},\"query-input\":{\"@type\":\"PropertyValueSpecification\",\"valueRequired\":true,\"valueName\":\"search_term_string\"}}],\"inLanguage\":\"de\"},{\"@type\":\"Organization\",\"@id\":\"https:\/\/www.grandkoper.com\/de\/#organization\",\"name\":\"Grand Koper\",\"url\":\"https:\/\/www.grandkoper.com\/de\/\",\"logo\":{\"@type\":\"ImageObject\",\"inLanguage\":\"de\",\"@id\":\"https:\/\/www.grandkoper.com\/de\/#\/schema\/logo\/image\/\",\"url\":\"https:\/\/www.grandkoper.com\/wp-content\/uploads\/2020\/11\/logo-gk.png\",\"contentUrl\":\"https:\/\/www.grandkoper.com\/wp-content\/uploads\/2020\/11\/logo-gk.png\",\"width\":160,\"height\":160,\"caption\":\"Grand Koper\"},\"image\":{\"@id\":\"https:\/\/www.grandkoper.com\/de\/#\/schema\/logo\/image\/\"}}]}<\/script>\n<!-- \/ Yoast SEO plugin. -->","yoast_head_json":{"title":"Wetter Aktuell Koper - Grand Koper","description":"Informieren Sie sich \u00fcber das aktuelle Wetter in Koper und sp\u00fcren Sie die Meeresatmosph\u00e4re.","robots":{"index":"index","follow":"follow","max-snippet":"max-snippet:-1","max-image-preview":"max-image-preview:large","max-video-preview":"max-video-preview:-1"},"canonical":"https:\/\/www.grandkoper.com\/de\/wetter\/","og_locale":"de_DE","og_type":"article","og_title":"Wetter Aktuell Koper - Grand Koper","og_description":"Informieren Sie sich \u00fcber das aktuelle Wetter in Koper und sp\u00fcren Sie die Meeresatmosph\u00e4re.","og_url":"https:\/\/www.grandkoper.com\/de\/wetter\/","og_site_name":"Grand Koper","article_modified_time":"2022-06-27T09:38:21+00:00","twitter_card":"summary_large_image","schema":{"@context":"https:\/\/schema.org","@graph":[{"@type":"WebPage","@id":"https:\/\/www.grandkoper.com\/de\/wetter\/","url":"https:\/\/www.grandkoper.com\/de\/wetter\/","name":"Wetter Aktuell Koper - Grand Koper","isPartOf":{"@id":"https:\/\/www.grandkoper.com\/de\/#website"},"datePublished":"2022-06-27T09:32:38+00:00","dateModified":"2022-06-27T09:38:21+00:00","description":"Informieren Sie sich \u00fcber das aktuelle Wetter in Koper und sp\u00fcren Sie die Meeresatmosph\u00e4re.","breadcrumb":{"@id":"https:\/\/www.grandkoper.com\/de\/wetter\/#breadcrumb"},"inLanguage":"de","potentialAction":[{"@type":"ReadAction","target":["https:\/\/www.grandkoper.com\/de\/wetter\/"]}]},{"@type":"BreadcrumbList","@id":"https:\/\/www.grandkoper.com\/de\/wetter\/#breadcrumb","itemListElement":[{"@type":"ListItem","position":1,"name":"Home","item":"https:\/\/www.grandkoper.com\/de\/"},{"@type":"ListItem","position":2,"name":"Wetter Aktuell Koper"}]},{"@type":"WebSite","@id":"https:\/\/www.grandkoper.com\/de\/#website","url":"https:\/\/www.grandkoper.com\/de\/","name":"Grand Koper","description":"","publisher":{"@id":"https:\/\/www.grandkoper.com\/de\/#organization"},"potentialAction":[{"@type":"SearchAction","target":{"@type":"EntryPoint","urlTemplate":"https:\/\/www.grandkoper.com\/de\/?s={search_term_string}"},"query-input":{"@type":"PropertyValueSpecification","valueRequired":true,"valueName":"search_term_string"}}],"inLanguage":"de"},{"@type":"Organization","@id":"https:\/\/www.grandkoper.com\/de\/#organization","name":"Grand Koper","url":"https:\/\/www.grandkoper.com\/de\/","logo":{"@type":"ImageObject","inLanguage":"de","@id":"https:\/\/www.grandkoper.com\/de\/#\/schema\/logo\/image\/","url":"https:\/\/www.grandkoper.com\/wp-content\/uploads\/2020\/11\/logo-gk.png","contentUrl":"https:\/\/www.grandkoper.com\/wp-content\/uploads\/2020\/11\/logo-gk.png","width":160,"height":160,"caption":"Grand Koper"},"image":{"@id":"https:\/\/www.grandkoper.com\/de\/#\/schema\/logo\/image\/"}}]}},"_links":{"self":[{"href":"https:\/\/www.grandkoper.com\/de\/wp-json\/wp\/v2\/pages\/11401","targetHints":{"allow":["GET"]}}],"collection":[{"href":"https:\/\/www.grandkoper.com\/de\/wp-json\/wp\/v2\/pages"}],"about":[{"href":"https:\/\/www.grandkoper.com\/de\/wp-json\/wp\/v2\/types\/page"}],"author":[{"embeddable":true,"href":"https:\/\/www.grandkoper.com\/de\/wp-json\/wp\/v2\/users\/1"}],"replies":[{"embeddable":true,"href":"https:\/\/www.grandkoper.com\/de\/wp-json\/wp\/v2\/comments?post=11401"}],"version-history":[{"count":0,"href":"https:\/\/www.grandkoper.com\/de\/wp-json\/wp\/v2\/pages\/11401\/revisions"}],"wp:attachment":[{"href":"https:\/\/www.grandkoper.com\/de\/wp-json\/wp\/v2\/media?parent=11401"}],"curies":[{"name":"wp","href":"https:\/\/api.w.org\/{rel}","templated":true}]}}