{"id":14054,"date":"2025-03-10T09:47:12","date_gmt":"2025-03-10T09:47:12","guid":{"rendered":"https:\/\/www.grandkoper.com\/?page_id=14054"},"modified":"2025-03-10T11:56:04","modified_gmt":"2025-03-10T11:56:04","slug":"prijava-na-e-novice","status":"publish","type":"page","link":"https:\/\/www.grandkoper.com\/sl\/prijava-na-e-novice\/","title":{"rendered":"Prijava na e-novice"},"content":{"rendered":"\t\t<div data-elementor-type=\"wp-page\" data-elementor-id=\"14054\" class=\"elementor elementor-14054\" data-elementor-post-type=\"page\">\n\t\t\t\t\t\t<section class=\"elementor-section elementor-top-section elementor-element elementor-element-8d3aa2f elementor-section-boxed elementor-section-height-default elementor-section-height-default\" data-id=\"8d3aa2f\" data-element_type=\"section\" data-e-type=\"section\" data-settings=\"{&quot;background_background&quot;:&quot;classic&quot;,&quot;background_motion_fx_motion_fx_scrolling&quot;:&quot;yes&quot;,&quot;background_motion_fx_translateX_effect&quot;:&quot;yes&quot;,&quot;background_motion_fx_translateX_direction&quot;:&quot;negative&quot;,&quot;background_motion_fx_translateX_speed&quot;:{&quot;unit&quot;:&quot;px&quot;,&quot;size&quot;:3.5,&quot;sizes&quot;:[]},&quot;shape_divider_bottom&quot;:&quot;curve-gk&quot;,&quot;shape_divider_bottom_negative&quot;:&quot;yes&quot;,&quot;_ob_glider_is_slider&quot;:&quot;no&quot;,&quot;background_motion_fx_translateX_affectedRange&quot;:{&quot;unit&quot;:&quot;%&quot;,&quot;size&quot;:&quot;&quot;,&quot;sizes&quot;:{&quot;start&quot;:0,&quot;end&quot;:100}},&quot;background_motion_fx_devices&quot;:[&quot;desktop&quot;,&quot;tablet&quot;,&quot;mobile&quot;]}\">\n\t\t\t\t\t\t\t<div class=\"elementor-background-overlay\"><\/div>\n\t\t\t\t\t\t<div class=\"elementor-shape elementor-shape-bottom\" aria-hidden=\"true\" data-negative=\"true\">\n\t\t\t<svg xmlns=\"http:\/\/www.w3.org\/2000\/svg\"  height=\"100%\" viewBox=\"0 0 1000 100\">\n  <path class=\"elementor-shape-fill\" d=\"M0,92.53V100H1000V0S594.94,128,0,92.53Z\"\/>\n<\/svg>\n\t\t<\/div>\n\t\t\t\t\t<div class=\"elementor-container elementor-column-gap-default\">\n\t\t\t\t\t<div class=\"elementor-column elementor-col-100 elementor-top-column elementor-element elementor-element-f1c299e\" data-id=\"f1c299e\" data-element_type=\"column\" data-e-type=\"column\" data-settings=\"{&quot;_ob_column_hoveranimator&quot;:&quot;no&quot;,&quot;_ob_column_has_pseudo&quot;:&quot;no&quot;}\">\n\t\t\t<div class=\"elementor-widget-wrap elementor-element-populated\">\n\t\t\t\t\t\t<div class=\"elementor-element elementor-element-bf43dcb ob-harakiri-inherit ob-has-background-overlay elementor-widget elementor-widget-heading\" data-id=\"bf43dcb\" data-element_type=\"widget\" data-e-type=\"widget\" data-settings=\"{&quot;_ob_use_harakiri&quot;:&quot;yes&quot;,&quot;_ob_harakiri_writing_mode&quot;:&quot;inherit&quot;,&quot;_ob_harakiri_text_clip&quot;:&quot;none&quot;,&quot;_ob_widget_stalker_use&quot;:&quot;no&quot;,&quot;_ob_poopart_use&quot;:&quot;yes&quot;,&quot;_ob_allow_hoveranimator&quot;:&quot;no&quot;}\" data-widget_type=\"heading.default\">\n\t\t\t\t\t<h4 class=\"elementor-heading-title elementor-size-default\">Ugodnosti, dogajanje in \u0161e ve\u010d...<\/h4>\t\t\t\t<\/div>\n\t\t\t\t<div class=\"elementor-element elementor-element-3f40452 ob-harakiri-inherit ob-has-background-overlay elementor-widget elementor-widget-heading\" data-id=\"3f40452\" data-element_type=\"widget\" data-e-type=\"widget\" data-settings=\"{&quot;_ob_use_harakiri&quot;:&quot;yes&quot;,&quot;_ob_harakiri_writing_mode&quot;:&quot;inherit&quot;,&quot;_ob_harakiri_text_clip&quot;:&quot;none&quot;,&quot;_ob_widget_stalker_use&quot;:&quot;no&quot;,&quot;_ob_poopart_use&quot;:&quot;yes&quot;,&quot;_ob_allow_hoveranimator&quot;:&quot;no&quot;}\" data-widget_type=\"heading.default\">\n\t\t\t\t\t<h2 class=\"elementor-heading-title elementor-size-default\">Prijavite se na<br>\nGRAND e-novice<\/h2>\t\t\t\t<\/div>\n\t\t\t\t<section class=\"elementor-section elementor-inner-section elementor-element elementor-element-ad718e5 elementor-section-boxed elementor-section-height-default elementor-section-height-default\" data-id=\"ad718e5\" data-element_type=\"section\" data-e-type=\"section\" data-settings=\"{&quot;_ob_glider_is_slider&quot;:&quot;no&quot;}\">\n\t\t\t\t\t\t<div class=\"elementor-container elementor-column-gap-default\">\n\t\t\t\t\t<div class=\"elementor-column elementor-col-100 elementor-inner-column elementor-element elementor-element-10112d0\" data-id=\"10112d0\" data-element_type=\"column\" data-e-type=\"column\" data-settings=\"{&quot;_ob_column_hoveranimator&quot;:&quot;no&quot;,&quot;_ob_column_has_pseudo&quot;:&quot;no&quot;}\">\n\t\t\t<div class=\"elementor-widget-wrap elementor-element-populated\">\n\t\t\t\t\t\t<div class=\"elementor-element elementor-element-876bda7 elementor-button-align-center ob-has-background-overlay elementor-widget elementor-widget-form\" data-id=\"876bda7\" data-element_type=\"widget\" data-e-type=\"widget\" data-settings=\"{&quot;step_next_label&quot;:&quot;Next&quot;,&quot;step_previous_label&quot;:&quot;Previous&quot;,&quot;button_width&quot;:&quot;100&quot;,&quot;step_type&quot;:&quot;number_text&quot;,&quot;step_icon_shape&quot;:&quot;circle&quot;,&quot;_ob_widget_stalker_use&quot;:&quot;no&quot;,&quot;_ob_poopart_use&quot;:&quot;yes&quot;,&quot;_ob_allow_hoveranimator&quot;:&quot;no&quot;}\" data-widget_type=\"form.default\">\n\t\t\t\t\t\t\t<form class=\"elementor-form\" method=\"post\" name=\"enovice\" aria-label=\"enovice\">\n\t\t\t<input type=\"hidden\" name=\"post_id\" value=\"14054\"\/>\n\t\t\t<input type=\"hidden\" name=\"form_id\" value=\"876bda7\"\/>\n\t\t\t<input type=\"hidden\" name=\"referer_title\" value=\"Prijava na e-novice - Grand Koper\" \/>\n\n\t\t\t\t\t\t\t<input type=\"hidden\" name=\"queried_id\" value=\"14054\"\/>\n\t\t\t\n\t\t\t<div class=\"elementor-form-fields-wrapper elementor-labels-\">\n\t\t\t\t\t\t\t\t<div class=\"elementor-field-type-text elementor-field-group elementor-column elementor-field-group-name elementor-col-100 elementor-field-required\">\n\t\t\t\t\t\t\t\t\t\t\t\t<label for=\"form-field-name\" class=\"elementor-field-label elementor-screen-only\">\n\t\t\t\t\t\t\t\tIme\t\t\t\t\t\t\t<\/label>\n\t\t\t\t\t\t\t\t\t\t\t\t\t\t<input size=\"1\" type=\"text\" name=\"form_fields[name]\" id=\"form-field-name\" class=\"elementor-field elementor-size-sm  elementor-field-textual\" placeholder=\"Ime\" required=\"required\">\n\t\t\t\t\t\t\t\t\t\t\t<\/div>\n\t\t\t\t\t\t\t\t<div class=\"elementor-field-type-email elementor-field-group elementor-column elementor-field-group-email elementor-col-100 elementor-field-required\">\n\t\t\t\t\t\t\t\t\t\t\t\t<label for=\"form-field-email\" class=\"elementor-field-label elementor-screen-only\">\n\t\t\t\t\t\t\t\tE-naslov\t\t\t\t\t\t\t<\/label>\n\t\t\t\t\t\t\t\t\t\t\t\t\t\t<input size=\"1\" type=\"email\" name=\"form_fields[email]\" id=\"form-field-email\" class=\"elementor-field elementor-size-sm  elementor-field-textual\" placeholder=\"E-naslov\" required=\"required\">\n\t\t\t\t\t\t\t\t\t\t\t<\/div>\n\t\t\t\t\t\t\t\t<div class=\"elementor-field-group elementor-column elementor-field-type-submit elementor-col-100 e-form__buttons\">\n\t\t\t\t\t<button class=\"elementor-button elementor-size-sm\" type=\"submit\">\n\t\t\t\t\t\t<span class=\"elementor-button-content-wrapper\">\n\t\t\t\t\t\t\t\t\t\t\t\t\t\t\t\t\t\t\t\t\t\t<span class=\"elementor-button-text\">Prijavljam se na e-novice<\/span>\n\t\t\t\t\t\t\t\t\t\t\t\t\t<\/span>\n\t\t\t\t\t<\/button>\n\t\t\t\t<\/div>\n\t\t\t<\/div>\n\t\t<\/form>\n\t\t\t\t\t\t<\/div>\n\t\t\t\t<div class=\"elementor-element elementor-element-b363344 ob-harakiri-inherit ob-has-background-overlay elementor-widget elementor-widget-text-editor\" data-id=\"b363344\" data-element_type=\"widget\" data-e-type=\"widget\" data-settings=\"{&quot;_ob_use_harakiri&quot;:&quot;yes&quot;,&quot;_ob_harakiri_writing_mode&quot;:&quot;inherit&quot;,&quot;_ob_postman_use&quot;:&quot;no&quot;,&quot;_ob_widget_stalker_use&quot;:&quot;no&quot;,&quot;_ob_poopart_use&quot;:&quot;yes&quot;,&quot;_ob_allow_hoveranimator&quot;:&quot;no&quot;}\" data-widget_type=\"text-editor.default\">\n\t\t\t\t\t\t\t\t\t<p>S prijavo se strinja\u0161 z na\u0161o <a style=\"color: #fff;\" href=\"https:\/\/www.grandkoper.com\/sl\/varovanje-podatkov\/\" target=\"_blank\" rel=\"noopener\"><u>Politiko zasebnosti<\/u><\/a><\/p>\t\t\t\t\t\t\t\t<\/div>\n\t\t\t\t\t<\/div>\n\t\t<\/div>\n\t\t\t\t\t<\/div>\n\t\t<\/section>\n\t\t\t\t\t<\/div>\n\t\t<\/div>\n\t\t\t\t\t<\/div>\n\t\t<\/section>\n\t\t\t\t<\/div>\n\t\t","protected":false},"excerpt":{"rendered":"<p>Ugodnosti, dogajanje in \u0161e ve\u010d&#8230; Prijavite se na GRAND e-novice S prijavo se strinja\u0161 z na\u0161o Politiko zasebnosti<\/p>\n","protected":false},"author":1,"featured_media":0,"parent":0,"menu_order":0,"comment_status":"closed","ping_status":"closed","template":"","meta":{"_acf_changed":false,"footnotes":""},"class_list":["post-14054","page","type-page","status-publish","hentry"],"acf":[],"yoast_head":"<!-- This site is optimized with the Yoast SEO plugin v26.9 - https:\/\/yoast.com\/product\/yoast-seo-wordpress\/ -->\n<title>Prijava na e-novice - Grand Koper<\/title>\n<meta name=\"robots\" content=\"index, follow, max-snippet:-1, max-image-preview:large, max-video-preview:-1\" \/>\n<link rel=\"canonical\" href=\"https:\/\/www.grandkoper.com\/sl\/prijava-na-e-novice\/\" \/>\n<meta property=\"og:locale\" content=\"sl_SI\" \/>\n<meta property=\"og:type\" content=\"article\" \/>\n<meta property=\"og:title\" content=\"Prijava na e-novice - Grand Koper\" \/>\n<meta property=\"og:description\" content=\"Ugodnosti, dogajanje in \u0161e ve\u010d&#8230; Prijavite se na GRAND e-novice S prijavo se strinja\u0161 z na\u0161o Politiko zasebnosti\" \/>\n<meta property=\"og:url\" content=\"https:\/\/www.grandkoper.com\/sl\/prijava-na-e-novice\/\" \/>\n<meta property=\"og:site_name\" content=\"Grand Koper\" \/>\n<meta property=\"article:modified_time\" content=\"2025-03-10T11:56:04+00:00\" \/>\n<meta name=\"twitter:card\" content=\"summary_large_image\" \/>\n<meta name=\"twitter:label1\" content=\"Est. reading time\" \/>\n\t<meta name=\"twitter:data1\" content=\"1 minuta\" \/>\n<script type=\"application\/ld+json\" class=\"yoast-schema-graph\">{\"@context\":\"https:\/\/schema.org\",\"@graph\":[{\"@type\":\"WebPage\",\"@id\":\"https:\/\/www.grandkoper.com\/sl\/prijava-na-e-novice\/\",\"url\":\"https:\/\/www.grandkoper.com\/sl\/prijava-na-e-novice\/\",\"name\":\"Prijava na e-novice - Grand Koper\",\"isPartOf\":{\"@id\":\"https:\/\/www.grandkoper.com\/sl\/#website\"},\"datePublished\":\"2025-03-10T09:47:12+00:00\",\"dateModified\":\"2025-03-10T11:56:04+00:00\",\"breadcrumb\":{\"@id\":\"https:\/\/www.grandkoper.com\/sl\/prijava-na-e-novice\/#breadcrumb\"},\"inLanguage\":\"sl-SI\",\"potentialAction\":[{\"@type\":\"ReadAction\",\"target\":[\"https:\/\/www.grandkoper.com\/sl\/prijava-na-e-novice\/\"]}]},{\"@type\":\"BreadcrumbList\",\"@id\":\"https:\/\/www.grandkoper.com\/sl\/prijava-na-e-novice\/#breadcrumb\",\"itemListElement\":[{\"@type\":\"ListItem\",\"position\":1,\"name\":\"Home\",\"item\":\"https:\/\/www.grandkoper.com\/sl\/\"},{\"@type\":\"ListItem\",\"position\":2,\"name\":\"Prijava na e-novice\"}]},{\"@type\":\"WebSite\",\"@id\":\"https:\/\/www.grandkoper.com\/sl\/#website\",\"url\":\"https:\/\/www.grandkoper.com\/sl\/\",\"name\":\"Grand Koper\",\"description\":\"\",\"publisher\":{\"@id\":\"https:\/\/www.grandkoper.com\/sl\/#organization\"},\"potentialAction\":[{\"@type\":\"SearchAction\",\"target\":{\"@type\":\"EntryPoint\",\"urlTemplate\":\"https:\/\/www.grandkoper.com\/sl\/?s={search_term_string}\"},\"query-input\":{\"@type\":\"PropertyValueSpecification\",\"valueRequired\":true,\"valueName\":\"search_term_string\"}}],\"inLanguage\":\"sl-SI\"},{\"@type\":\"Organization\",\"@id\":\"https:\/\/www.grandkoper.com\/sl\/#organization\",\"name\":\"Grand Koper\",\"url\":\"https:\/\/www.grandkoper.com\/sl\/\",\"logo\":{\"@type\":\"ImageObject\",\"inLanguage\":\"sl-SI\",\"@id\":\"https:\/\/www.grandkoper.com\/sl\/#\/schema\/logo\/image\/\",\"url\":\"https:\/\/www.grandkoper.com\/wp-content\/uploads\/2020\/11\/logo-gk.png\",\"contentUrl\":\"https:\/\/www.grandkoper.com\/wp-content\/uploads\/2020\/11\/logo-gk.png\",\"width\":160,\"height\":160,\"caption\":\"Grand Koper\"},\"image\":{\"@id\":\"https:\/\/www.grandkoper.com\/sl\/#\/schema\/logo\/image\/\"}}]}<\/script>\n<!-- \/ Yoast SEO plugin. -->","yoast_head_json":{"title":"Prijava na e-novice - Grand Koper","robots":{"index":"index","follow":"follow","max-snippet":"max-snippet:-1","max-image-preview":"max-image-preview:large","max-video-preview":"max-video-preview:-1"},"canonical":"https:\/\/www.grandkoper.com\/sl\/prijava-na-e-novice\/","og_locale":"sl_SI","og_type":"article","og_title":"Prijava na e-novice - Grand Koper","og_description":"Ugodnosti, dogajanje in \u0161e ve\u010d&#8230; Prijavite se na GRAND e-novice S prijavo se strinja\u0161 z na\u0161o Politiko zasebnosti","og_url":"https:\/\/www.grandkoper.com\/sl\/prijava-na-e-novice\/","og_site_name":"Grand Koper","article_modified_time":"2025-03-10T11:56:04+00:00","twitter_card":"summary_large_image","twitter_misc":{"Est. reading time":"1 minuta"},"schema":{"@context":"https:\/\/schema.org","@graph":[{"@type":"WebPage","@id":"https:\/\/www.grandkoper.com\/sl\/prijava-na-e-novice\/","url":"https:\/\/www.grandkoper.com\/sl\/prijava-na-e-novice\/","name":"Prijava na e-novice - Grand Koper","isPartOf":{"@id":"https:\/\/www.grandkoper.com\/sl\/#website"},"datePublished":"2025-03-10T09:47:12+00:00","dateModified":"2025-03-10T11:56:04+00:00","breadcrumb":{"@id":"https:\/\/www.grandkoper.com\/sl\/prijava-na-e-novice\/#breadcrumb"},"inLanguage":"sl-SI","potentialAction":[{"@type":"ReadAction","target":["https:\/\/www.grandkoper.com\/sl\/prijava-na-e-novice\/"]}]},{"@type":"BreadcrumbList","@id":"https:\/\/www.grandkoper.com\/sl\/prijava-na-e-novice\/#breadcrumb","itemListElement":[{"@type":"ListItem","position":1,"name":"Home","item":"https:\/\/www.grandkoper.com\/sl\/"},{"@type":"ListItem","position":2,"name":"Prijava na e-novice"}]},{"@type":"WebSite","@id":"https:\/\/www.grandkoper.com\/sl\/#website","url":"https:\/\/www.grandkoper.com\/sl\/","name":"Grand Koper","description":"","publisher":{"@id":"https:\/\/www.grandkoper.com\/sl\/#organization"},"potentialAction":[{"@type":"SearchAction","target":{"@type":"EntryPoint","urlTemplate":"https:\/\/www.grandkoper.com\/sl\/?s={search_term_string}"},"query-input":{"@type":"PropertyValueSpecification","valueRequired":true,"valueName":"search_term_string"}}],"inLanguage":"sl-SI"},{"@type":"Organization","@id":"https:\/\/www.grandkoper.com\/sl\/#organization","name":"Grand Koper","url":"https:\/\/www.grandkoper.com\/sl\/","logo":{"@type":"ImageObject","inLanguage":"sl-SI","@id":"https:\/\/www.grandkoper.com\/sl\/#\/schema\/logo\/image\/","url":"https:\/\/www.grandkoper.com\/wp-content\/uploads\/2020\/11\/logo-gk.png","contentUrl":"https:\/\/www.grandkoper.com\/wp-content\/uploads\/2020\/11\/logo-gk.png","width":160,"height":160,"caption":"Grand Koper"},"image":{"@id":"https:\/\/www.grandkoper.com\/sl\/#\/schema\/logo\/image\/"}}]}},"_links":{"self":[{"href":"https:\/\/www.grandkoper.com\/sl\/wp-json\/wp\/v2\/pages\/14054","targetHints":{"allow":["GET"]}}],"collection":[{"href":"https:\/\/www.grandkoper.com\/sl\/wp-json\/wp\/v2\/pages"}],"about":[{"href":"https:\/\/www.grandkoper.com\/sl\/wp-json\/wp\/v2\/types\/page"}],"author":[{"embeddable":true,"href":"https:\/\/www.grandkoper.com\/sl\/wp-json\/wp\/v2\/users\/1"}],"replies":[{"embeddable":true,"href":"https:\/\/www.grandkoper.com\/sl\/wp-json\/wp\/v2\/comments?post=14054"}],"version-history":[{"count":10,"href":"https:\/\/www.grandkoper.com\/sl\/wp-json\/wp\/v2\/pages\/14054\/revisions"}],"predecessor-version":[{"id":14069,"href":"https:\/\/www.grandkoper.com\/sl\/wp-json\/wp\/v2\/pages\/14054\/revisions\/14069"}],"wp:attachment":[{"href":"https:\/\/www.grandkoper.com\/sl\/wp-json\/wp\/v2\/media?parent=14054"}],"curies":[{"name":"wp","href":"https:\/\/api.w.org\/{rel}","templated":true}]}}